{"id":8370,"date":"2026-03-26T19:18:51","date_gmt":"2026-03-26T19:18:51","guid":{"rendered":"https:\/\/www.aastrategy.co\/?page_id=8370"},"modified":"2026-03-27T11:22:51","modified_gmt":"2026-03-27T11:22:51","slug":"mamadou-m-thiam","status":"publish","type":"page","link":"https:\/\/www.aastrategy.co\/eng\/mamadou-m-thiam\/","title":{"rendered":"Mamadou M. THIAM"},"content":{"rendered":"<div data-elementor-type=\"wp-page\" data-elementor-id=\"8370\" class=\"elementor elementor-8370\" data-elementor-post-type=\"page\">\n\t\t\t\t<div class=\"elementor-element elementor-element-58ffdb1 e-flex e-con-boxed e-con e-parent\" data-id=\"58ffdb1\" data-element_type=\"container\" data-e-type=\"container\" data-settings=\"{&quot;background_background&quot;:&quot;classic&quot;}\">\n\t\t\t\t\t<div class=\"e-con-inner\">\n\t\t<div class=\"elementor-element elementor-element-e19a838 e-con-full e-flex e-con e-child\" data-id=\"e19a838\" data-element_type=\"container\" data-e-type=\"container\" data-settings=\"{&quot;background_background&quot;:&quot;classic&quot;}\">\n\t\t\t\t<div class=\"elementor-element elementor-element-8b91f04 elementor-invisible elementor-widget elementor-widget-heading\" data-id=\"8b91f04\" data-element_type=\"widget\" data-e-type=\"widget\" data-settings=\"{&quot;_animation&quot;:&quot;fadeInUp&quot;}\" data-widget_type=\"heading.default\">\n\t\t\t\t\t<h2 class=\"elementor-heading-title elementor-size-default\">Mamadou Manizor THIAM<\/h2>\t\t\t\t<\/div>\n\t\t\t\t<div class=\"elementor-element elementor-element-fb5bc85 elementor-invisible elementor-widget elementor-widget-heading\" data-id=\"fb5bc85\" data-element_type=\"widget\" data-e-type=\"widget\" data-settings=\"{&quot;_animation&quot;:&quot;fadeInUp&quot;}\" data-widget_type=\"heading.default\">\n\t\t\t\t\t<h2 class=\"elementor-heading-title elementor-size-default\">Managing Partner - A&amp;A Finance and Investment Advisory<\/h2>\t\t\t\t<\/div>\n\t\t\t\t<div class=\"elementor-element elementor-element-9140ff3 elementor-widget-mobile__width-initial elementor-widget-tablet__width-initial elementor-invisible elementor-widget elementor-widget-text-editor\" data-id=\"9140ff3\" data-element_type=\"widget\" data-e-type=\"widget\" data-settings=\"{&quot;_animation&quot;:&quot;fadeInUp&quot;}\" data-widget_type=\"text-editor.default\">\n\t\t\t\t\t\t\t\t\t<p>15+ years of experience across financial disciplines<\/p>\t\t\t\t\t\t\t\t<\/div>\n\t\t\t\t<div class=\"elementor-element elementor-element-7b4775b elementor-icon-list--layout-traditional elementor-list-item-link-full_width elementor-widget elementor-widget-icon-list\" data-id=\"7b4775b\" data-element_type=\"widget\" data-e-type=\"widget\" data-widget_type=\"icon-list.default\">\n\t\t\t\t\t\t\t<ul class=\"elementor-icon-list-items\">\n\t\t\t\t\t\t\t<li class=\"elementor-icon-list-item\">\n\t\t\t\t\t\t\t\t\t\t\t<a href=\"mailto:mthiam@aastrategy.co\">\n\n\t\t\t\t\t\t\t\t\t\t\t\t<span class=\"elementor-icon-list-icon\">\n\t\t\t\t\t\t\t<svg aria-hidden=\"true\" class=\"e-font-icon-svg e-fas-envelope\" viewbox=\"0 0 512 512\" xmlns=\"http:\/\/www.w3.org\/2000\/svg\"><path d=\"M502.3 190.8c3.9-3.1 9.7-.2 9.7 4.7V400c0 26.5-21.5 48-48 48H48c-26.5 0-48-21.5-48-48V195.6c0-5 5.7-7.8 9.7-4.7 22.4 17.4 52.1 39.5 154.1 113.6 21.1 15.4 56.7 47.8 92.2 47.6 35.7.3 72-32.8 92.3-47.6 102-74.1 131.6-96.3 154-113.7zM256 320c23.2.4 56.6-29.2 73.4-41.4 132.7-96.3 142.8-104.7 173.4-128.7 5.8-4.5 9.2-11.5 9.2-18.9v-19c0-26.5-21.5-48-48-48H48C21.5 64 0 85.5 0 112v19c0 7.4 3.4 14.3 9.2 18.9 30.6 23.9 40.7 32.4 173.4 128.7 16.8 12.2 50.2 41.8 73.4 41.4z\"><\/path><\/svg>\t\t\t\t\t\t<\/span>\n\t\t\t\t\t\t\t\t\t\t<span class=\"elementor-icon-list-text\">Email<\/span>\n\t\t\t\t\t\t\t\t\t\t\t<\/a>\n\t\t\t\t\t\t\t\t\t<\/li>\n\t\t\t\t\t\t<\/ul>\n\t\t\t\t\t\t<\/div>\n\t\t\t\t<\/div>\n\t\t<div class=\"elementor-element elementor-element-5111fdf e-con-full e-flex e-con e-child\" data-id=\"5111fdf\" data-element_type=\"container\" data-e-type=\"container\">\n\t\t\t\t<div class=\"elementor-element elementor-element-d868a17 elementor-invisible elementor-widget elementor-widget-image\" data-id=\"d868a17\" data-element_type=\"widget\" data-e-type=\"widget\" data-settings=\"{&quot;_animation&quot;:&quot;fadeInRight&quot;}\" data-widget_type=\"image.default\">\n\t\t\t\t\t\t\t\t\t\t\t\t\t\t\t<img fetchpriority=\"high\" decoding=\"async\" width=\"600\" height=\"554\" src=\"https:\/\/www.aastrategy.co\/wp-content\/uploads\/2026\/03\/my-project-page-1-4-1.png\" class=\"attachment-medium_large size-medium_large wp-image-8432\" alt=\"\" srcset=\"https:\/\/www.aastrategy.co\/wp-content\/uploads\/2026\/03\/my-project-page-1-4-1.png 600w, https:\/\/www.aastrategy.co\/wp-content\/uploads\/2026\/03\/my-project-page-1-4-1-300x277.png 300w, https:\/\/www.aastrategy.co\/wp-content\/uploads\/2026\/03\/my-project-page-1-4-1-13x12.png 13w\" sizes=\"(max-width: 600px) 100vw, 600px\" \/>\t\t\t\t\t\t\t\t\t\t\t\t\t\t\t<\/div>\n\t\t\t\t<\/div>\n\t\t\t\t\t<\/div>\n\t\t\t\t<\/div>\n\t\t<div class=\"elementor-element elementor-element-622f519 e-flex e-con-boxed e-con e-parent\" data-id=\"622f519\" data-element_type=\"container\" data-e-type=\"container\" data-settings=\"{&quot;background_background&quot;:&quot;classic&quot;}\">\n\t\t\t\t\t<div class=\"e-con-inner\">\n\t\t<div class=\"elementor-element elementor-element-a173e56 e-con-full e-flex elementor-invisible e-con e-child\" data-id=\"a173e56\" data-element_type=\"container\" data-e-type=\"container\" data-settings=\"{&quot;animation&quot;:&quot;fadeInRight&quot;,&quot;background_background&quot;:&quot;classic&quot;}\">\n\t\t\t\t<div class=\"elementor-element elementor-element-9493e9b elementor-widget elementor-widget-text-editor\" data-id=\"9493e9b\" data-element_type=\"widget\" data-e-type=\"widget\" data-widget_type=\"text-editor.default\">\n\t\t\t\t\t\t\t\t\t<p>Mr. Thiam is Managing Partner at A&amp;A Finance and brings over 15 years of experience in finance. He advises public and private decision-makers on large-scale projects with tangible economic and social impact.<\/p><p>Il accompagne \u00e0 cet effet, les entit\u00e9s publiques telles que des \u00c9tats, des soci\u00e9t\u00e9s nationales et publiques sur des th\u00e9matiques sectorielles et des partenariats public-priv\u00e9s (PPP), et les soci\u00e9t\u00e9s priv\u00e9es dans leur besoin en conseil financier et en investissement dans le cadre de lev\u00e9e de fonds, restructuration, due diligence, de fusions acquisitions ou d&rsquo;\u00e9valuation d&rsquo;actifs ou de programmes.<\/p><p>Passionate about sports, he is also a specialist consultant in sports management, leveraging his expertise to support the development of sport in Senegal and across Africa, in line with the highest ethical and professional standards.<\/p><p>In addition to his professional commitment and engagement, Mr. Thiam actively contributes to thought leadership by sharing his insights on a range of high-value, topical issues.<\/p><p>Mr. Thiam holds a Professional Master\u2019s degree in Public Finance from UCAD, a postgraduate degree (DESS) in Market Finance from ESG UQAM (Montreal), and a DESCAF from \u00c9cole Polytechnique de Dakar. A specialist in Public-Private Partnership (PPP) advisory, he brings a strong technical and managerial approach to assignments covering the full spectrum of financial issues, supporting clients over the long term.<\/p>\t\t\t\t\t\t\t\t<\/div>\n\t\t\t\t<div class=\"elementor-element elementor-element-d53b352 elementor-absolute elementor-widget elementor-widget-image\" data-id=\"d53b352\" data-element_type=\"widget\" data-e-type=\"widget\" data-settings=\"{&quot;_position&quot;:&quot;absolute&quot;}\" data-widget_type=\"image.default\">\n\t\t\t\t\t\t\t\t\t\t\t\t\t\t\t<img decoding=\"async\" width=\"92\" height=\"242\" src=\"https:\/\/www.aastrategy.co\/wp-content\/uploads\/2025\/09\/Group-1000015621.png\" class=\"attachment-large size-large wp-image-1421\" alt=\"\" \/>\t\t\t\t\t\t\t\t\t\t\t\t\t\t\t<\/div>\n\t\t\t\t<\/div>\n\t\t\t\t\t<\/div>\n\t\t\t\t<\/div>\n\t\t\t\t<\/div>","protected":false},"excerpt":{"rendered":"<p>Mamadou Manizor THIAM Associ\u00e9 G\u00e9rant &#8211; A&amp;A Finance and Investment Advisory + de 15 ans d\u2019exp\u00e9rience dans les domaines de [&hellip;]<\/p>\n","protected":false},"author":4,"featured_media":0,"parent":0,"menu_order":0,"comment_status":"closed","ping_status":"closed","template":"","meta":{"_acf_changed":false,"site-sidebar-layout":"no-sidebar","site-content-layout":"","ast-site-content-layout":"full-width-container","site-content-style":"default","site-sidebar-style":"default","ast-global-header-display":"","ast-banner-title-visibility":"","ast-main-header-display":"","ast-hfb-above-header-display":"","ast-hfb-below-header-display":"","ast-hfb-mobile-header-display":"","site-post-title":"disabled","ast-breadcrumbs-content":"","ast-featured-img":"disabled","footer-sml-layout":"","ast-disable-related-posts":"","theme-transparent-header-meta":"","adv-header-id-meta":"","stick-header-meta":"","header-above-stick-meta":"","header-main-stick-meta":"","header-below-stick-meta":"","astra-migrate-meta-layouts":"default","ast-page-background-enabled":"default","ast-page-background-meta":{"desktop":{"background-color":"var(--ast-global-color-5)","background-image":"","background-repeat":"repeat","background-position":"center center","background-size":"auto","background-attachment":"scroll","background-type":"","background-media":"","overlay-type":"","overlay-color":"","overlay-opacity":"","overlay-gradient":""},"tablet":{"background-color":"","background-image":"","background-repeat":"repeat","background-position":"center center","background-size":"auto","background-attachment":"scroll","background-type":"","background-media":"","overlay-type":"","overlay-color":"","overlay-opacity":"","overlay-gradient":""},"mobile":{"background-color":"","background-image":"","background-repeat":"repeat","background-position":"center center","background-size":"auto","background-attachment":"scroll","background-type":"","background-media":"","overlay-type":"","overlay-color":"","overlay-opacity":"","overlay-gradient":""}},"ast-content-background-meta":{"desktop":{"background-color":"var(--ast-global-color-4)","background-image":"","background-repeat":"repeat","background-position":"center center","background-size":"auto","background-attachment":"scroll","background-type":"","background-media":"","overlay-type":"","overlay-color":"","overlay-opacity":"","overlay-gradient":""},"tablet":{"background-color":"var(--ast-global-color-4)","background-image":"","background-repeat":"repeat","background-position":"center center","background-size":"auto","background-attachment":"scroll","background-type":"","background-media":"","overlay-type":"","overlay-color":"","overlay-opacity":"","overlay-gradient":""},"mobile":{"background-color":"var(--ast-global-color-4)","background-image":"","background-repeat":"repeat","background-position":"center center","background-size":"auto","background-attachment":"scroll","background-type":"","background-media":"","overlay-type":"","overlay-color":"","overlay-opacity":"","overlay-gradient":""}},"footnotes":""},"class_list":["post-8370","page","type-page","status-publish","hentry"],"acf":[],"yoast_head":"<!-- This site is optimized with the Yoast SEO plugin v27.3 - https:\/\/yoast.com\/product\/yoast-seo-wordpress\/ -->\n<title>Mamadou M. THIAM - AA Group<\/title>\n<meta name=\"robots\" content=\"index, follow, max-snippet:-1, max-image-preview:large, max-video-preview:-1\" \/>\n<link rel=\"canonical\" href=\"https:\/\/www.aastrategy.co\/eng\/mamadou-m-thiam\/\" \/>\n<meta property=\"og:locale\" content=\"en_US\" \/>\n<meta property=\"og:type\" content=\"article\" \/>\n<meta property=\"og:title\" content=\"Mamadou M. THIAM - AA Group\" \/>\n<meta property=\"og:description\" content=\"Mamadou Manizor THIAM Associ\u00e9 G\u00e9rant &#8211; A&amp;A Finance and Investment Advisory + de 15 ans d\u2019exp\u00e9rience dans les domaines de [&hellip;]\" \/>\n<meta property=\"og:url\" content=\"https:\/\/www.aastrategy.co\/eng\/mamadou-m-thiam\/\" \/>\n<meta property=\"og:site_name\" content=\"AA Group\" \/>\n<meta property=\"article:modified_time\" content=\"2026-03-27T11:22:51+00:00\" \/>\n<meta property=\"og:image\" content=\"https:\/\/www.aastrategy.co\/wp-content\/uploads\/2026\/03\/my-project-page-1-4-1.png\" \/>\n<meta name=\"twitter:card\" content=\"summary_large_image\" \/>\n<meta name=\"twitter:label1\" content=\"Est. reading time\" \/>\n\t<meta name=\"twitter:data1\" content=\"2 minutes\" \/>\n<script type=\"application\/ld+json\" class=\"yoast-schema-graph\">{\"@context\":\"https:\\\/\\\/schema.org\",\"@graph\":[{\"@type\":\"WebPage\",\"@id\":\"https:\\\/\\\/www.aastrategy.co\\\/mamadou-m-thiam\\\/\",\"url\":\"https:\\\/\\\/www.aastrategy.co\\\/mamadou-m-thiam\\\/\",\"name\":\"Mamadou M. THIAM - AA Group\",\"isPartOf\":{\"@id\":\"https:\\\/\\\/www.aastrategy.co\\\/#website\"},\"primaryImageOfPage\":{\"@id\":\"https:\\\/\\\/www.aastrategy.co\\\/mamadou-m-thiam\\\/#primaryimage\"},\"image\":{\"@id\":\"https:\\\/\\\/www.aastrategy.co\\\/mamadou-m-thiam\\\/#primaryimage\"},\"thumbnailUrl\":\"https:\\\/\\\/www.aastrategy.co\\\/wp-content\\\/uploads\\\/2026\\\/03\\\/my-project-page-1-4-1.png\",\"datePublished\":\"2026-03-26T19:18:51+00:00\",\"dateModified\":\"2026-03-27T11:22:51+00:00\",\"breadcrumb\":{\"@id\":\"https:\\\/\\\/www.aastrategy.co\\\/mamadou-m-thiam\\\/#breadcrumb\"},\"inLanguage\":\"en-US\",\"potentialAction\":[{\"@type\":\"ReadAction\",\"target\":[\"https:\\\/\\\/www.aastrategy.co\\\/mamadou-m-thiam\\\/\"]}]},{\"@type\":\"ImageObject\",\"inLanguage\":\"en-US\",\"@id\":\"https:\\\/\\\/www.aastrategy.co\\\/mamadou-m-thiam\\\/#primaryimage\",\"url\":\"https:\\\/\\\/www.aastrategy.co\\\/wp-content\\\/uploads\\\/2026\\\/03\\\/my-project-page-1-4-1.png\",\"contentUrl\":\"https:\\\/\\\/www.aastrategy.co\\\/wp-content\\\/uploads\\\/2026\\\/03\\\/my-project-page-1-4-1.png\"},{\"@type\":\"BreadcrumbList\",\"@id\":\"https:\\\/\\\/www.aastrategy.co\\\/mamadou-m-thiam\\\/#breadcrumb\",\"itemListElement\":[{\"@type\":\"ListItem\",\"position\":1,\"name\":\"Accueil\",\"item\":\"https:\\\/\\\/www.aastrategy.co\\\/\"},{\"@type\":\"ListItem\",\"position\":2,\"name\":\"Mamadou M. THIAM\"}]},{\"@type\":\"WebSite\",\"@id\":\"https:\\\/\\\/www.aastrategy.co\\\/#website\",\"url\":\"https:\\\/\\\/www.aastrategy.co\\\/\",\"name\":\"A&A Strategie\",\"description\":\"AA Group\",\"publisher\":{\"@id\":\"https:\\\/\\\/www.aastrategy.co\\\/#organization\"},\"potentialAction\":[{\"@type\":\"SearchAction\",\"target\":{\"@type\":\"EntryPoint\",\"urlTemplate\":\"https:\\\/\\\/www.aastrategy.co\\\/?s={search_term_string}\"},\"query-input\":{\"@type\":\"PropertyValueSpecification\",\"valueRequired\":true,\"valueName\":\"search_term_string\"}}],\"inLanguage\":\"en-US\"},{\"@type\":\"Organization\",\"@id\":\"https:\\\/\\\/www.aastrategy.co\\\/#organization\",\"name\":\"A&A Strategie\",\"url\":\"https:\\\/\\\/www.aastrategy.co\\\/\",\"logo\":{\"@type\":\"ImageObject\",\"inLanguage\":\"en-US\",\"@id\":\"https:\\\/\\\/www.aastrategy.co\\\/#\\\/schema\\\/logo\\\/image\\\/\",\"url\":\"https:\\\/\\\/www.aa-strategy.volkeno.com\\\/wp-content\\\/uploads\\\/2025\\\/09\\\/Logo-AA-Groupe-Gras_logo-combinee-en-couleurs-bg-blanc-1-1.png\",\"contentUrl\":\"https:\\\/\\\/www.aa-strategy.volkeno.com\\\/wp-content\\\/uploads\\\/2025\\\/09\\\/Logo-AA-Groupe-Gras_logo-combinee-en-couleurs-bg-blanc-1-1.png\",\"width\":139,\"height\":49,\"caption\":\"A&A Strategie\"},\"image\":{\"@id\":\"https:\\\/\\\/www.aastrategy.co\\\/#\\\/schema\\\/logo\\\/image\\\/\"}}]}<\/script>\n<!-- \/ Yoast SEO plugin. -->","yoast_head_json":{"title":"Mamadou M. THIAM - AA Group","robots":{"index":"index","follow":"follow","max-snippet":"max-snippet:-1","max-image-preview":"max-image-preview:large","max-video-preview":"max-video-preview:-1"},"canonical":"https:\/\/www.aastrategy.co\/eng\/mamadou-m-thiam\/","og_locale":"en_US","og_type":"article","og_title":"Mamadou M. THIAM - AA Group","og_description":"Mamadou Manizor THIAM Associ\u00e9 G\u00e9rant &#8211; A&amp;A Finance and Investment Advisory + de 15 ans d\u2019exp\u00e9rience dans les domaines de [&hellip;]","og_url":"https:\/\/www.aastrategy.co\/eng\/mamadou-m-thiam\/","og_site_name":"AA Group","article_modified_time":"2026-03-27T11:22:51+00:00","og_image":[{"url":"https:\/\/www.aastrategy.co\/wp-content\/uploads\/2026\/03\/my-project-page-1-4-1.png","type":"","width":"","height":""}],"twitter_card":"summary_large_image","twitter_misc":{"Est. reading time":"2 minutes"},"schema":{"@context":"https:\/\/schema.org","@graph":[{"@type":"WebPage","@id":"https:\/\/www.aastrategy.co\/mamadou-m-thiam\/","url":"https:\/\/www.aastrategy.co\/mamadou-m-thiam\/","name":"Mamadou M. THIAM - AA Group","isPartOf":{"@id":"https:\/\/www.aastrategy.co\/#website"},"primaryImageOfPage":{"@id":"https:\/\/www.aastrategy.co\/mamadou-m-thiam\/#primaryimage"},"image":{"@id":"https:\/\/www.aastrategy.co\/mamadou-m-thiam\/#primaryimage"},"thumbnailUrl":"https:\/\/www.aastrategy.co\/wp-content\/uploads\/2026\/03\/my-project-page-1-4-1.png","datePublished":"2026-03-26T19:18:51+00:00","dateModified":"2026-03-27T11:22:51+00:00","breadcrumb":{"@id":"https:\/\/www.aastrategy.co\/mamadou-m-thiam\/#breadcrumb"},"inLanguage":"en-US","potentialAction":[{"@type":"ReadAction","target":["https:\/\/www.aastrategy.co\/mamadou-m-thiam\/"]}]},{"@type":"ImageObject","inLanguage":"en-US","@id":"https:\/\/www.aastrategy.co\/mamadou-m-thiam\/#primaryimage","url":"https:\/\/www.aastrategy.co\/wp-content\/uploads\/2026\/03\/my-project-page-1-4-1.png","contentUrl":"https:\/\/www.aastrategy.co\/wp-content\/uploads\/2026\/03\/my-project-page-1-4-1.png"},{"@type":"BreadcrumbList","@id":"https:\/\/www.aastrategy.co\/mamadou-m-thiam\/#breadcrumb","itemListElement":[{"@type":"ListItem","position":1,"name":"Accueil","item":"https:\/\/www.aastrategy.co\/"},{"@type":"ListItem","position":2,"name":"Mamadou M. THIAM"}]},{"@type":"WebSite","@id":"https:\/\/www.aastrategy.co\/#website","url":"https:\/\/www.aastrategy.co\/","name":"A&A Strategie","description":"AA Group","publisher":{"@id":"https:\/\/www.aastrategy.co\/#organization"},"potentialAction":[{"@type":"SearchAction","target":{"@type":"EntryPoint","urlTemplate":"https:\/\/www.aastrategy.co\/?s={search_term_string}"},"query-input":{"@type":"PropertyValueSpecification","valueRequired":true,"valueName":"search_term_string"}}],"inLanguage":"en-US"},{"@type":"Organization","@id":"https:\/\/www.aastrategy.co\/#organization","name":"A&A Strategie","url":"https:\/\/www.aastrategy.co\/","logo":{"@type":"ImageObject","inLanguage":"en-US","@id":"https:\/\/www.aastrategy.co\/#\/schema\/logo\/image\/","url":"https:\/\/www.aa-strategy.volkeno.com\/wp-content\/uploads\/2025\/09\/Logo-AA-Groupe-Gras_logo-combinee-en-couleurs-bg-blanc-1-1.png","contentUrl":"https:\/\/www.aa-strategy.volkeno.com\/wp-content\/uploads\/2025\/09\/Logo-AA-Groupe-Gras_logo-combinee-en-couleurs-bg-blanc-1-1.png","width":139,"height":49,"caption":"A&A Strategie"},"image":{"@id":"https:\/\/www.aastrategy.co\/#\/schema\/logo\/image\/"}}]}},"_links":{"self":[{"href":"https:\/\/www.aastrategy.co\/eng\/wp-json\/wp\/v2\/pages\/8370","targetHints":{"allow":["GET"]}}],"collection":[{"href":"https:\/\/www.aastrategy.co\/eng\/wp-json\/wp\/v2\/pages"}],"about":[{"href":"https:\/\/www.aastrategy.co\/eng\/wp-json\/wp\/v2\/types\/page"}],"author":[{"embeddable":true,"href":"https:\/\/www.aastrategy.co\/eng\/wp-json\/wp\/v2\/users\/4"}],"replies":[{"embeddable":true,"href":"https:\/\/www.aastrategy.co\/eng\/wp-json\/wp\/v2\/comments?post=8370"}],"version-history":[{"count":22,"href":"https:\/\/www.aastrategy.co\/eng\/wp-json\/wp\/v2\/pages\/8370\/revisions"}],"predecessor-version":[{"id":8471,"href":"https:\/\/www.aastrategy.co\/eng\/wp-json\/wp\/v2\/pages\/8370\/revisions\/8471"}],"wp:attachment":[{"href":"https:\/\/www.aastrategy.co\/eng\/wp-json\/wp\/v2\/media?parent=8370"}],"curies":[{"name":"wp","href":"https:\/\/api.w.org\/{rel}","templated":true}]}}